{"id":21,"date":"2025-01-24T15:59:46","date_gmt":"2025-01-24T18:59:46","guid":{"rendered":"https:\/\/padraovhml.tech.math.group\/?page_id=21"},"modified":"2025-04-29T16:12:53","modified_gmt":"2025-04-29T19:12:53","slug":"solucoes","status":"publish","type":"page","link":"https:\/\/tandil.valtraar.math.group\/es\/solucoes\/","title":{"rendered":"Soluciones"},"content":{"rendered":"<div data-elementor-type=\"wp-page\" data-elementor-id=\"21\" class=\"elementor elementor-21\">\n\t\t\t\t<div class=\"elementor-element elementor-element-7adeef26 e-con-full e-flex e-con e-parent\" data-id=\"7adeef26\" data-element_type=\"container\" data-settings=\"{&quot;background_background&quot;:&quot;classic&quot;}\">\n\t\t\t\t<div class=\"elementor-element elementor-element-e03ca5f content elementor-widget elementor-widget-heading\" data-id=\"e03ca5f\" data-element_type=\"widget\" data-widget_type=\"heading.default\">\n\t\t\t\t<div class=\"elementor-widget-container\">\n\t\t\t\t\t<h2 class=\"elementor-heading-title elementor-size-default\">Lubricantes y<br> aditivos genuinos\n<\/h2>\t\t\t\t<\/div>\n\t\t\t\t<\/div>\n\t\t\t\t<\/div>\n\t\t<div class=\"elementor-element elementor-element-19754ce2 e-con-full content e-flex e-con e-parent\" data-id=\"19754ce2\" data-element_type=\"container\">\n\t\t\t\t<div class=\"elementor-element elementor-element-7beb475c main-title with-separator elementor-widget elementor-widget-heading\" data-id=\"7beb475c\" data-element_type=\"widget\" data-widget_type=\"heading.default\">\n\t\t\t\t<div class=\"elementor-widget-container\">\n\t\t\t\t\t<span class=\"elementor-heading-title elementor-size-default\">Optimiza el rendimiento de tu equipo<\/span>\t\t\t\t<\/div>\n\t\t\t\t<\/div>\n\t\t\t\t<div class=\"elementor-element elementor-element-003649e elementor-widget elementor-widget-text-editor\" data-id=\"003649e\" data-element_type=\"widget\" data-widget_type=\"text-editor.default\">\n\t\t\t\t<div class=\"elementor-widget-container\">\n\t\t\t\t\t\t\t\t\t<p class=\"x_MsoNormal\"><span data-olk-copy-source=\"MessageBody\">Los\u00a0<b>lubricantes y aditivos genuinos Valtra<\/b>\u00a0son clave para el funcionamiento perfecto de tu maquinaria. Con especificaciones exclusivas, reducen el desgaste prematuro de los componentes y mantienen el sistema a la temperatura \u00f3ptima de trabajo durante toda la jornada.<\/span><\/p><p class=\"x_MsoNormal\">Los\u00a0<b>lubricantes genuinos Valtra<\/b>\u00a0est\u00e1n desarrollados para maximizar el rendimiento del motor, la transmisi\u00f3n y los sistemas hidr\u00e1ulicos. Cada f\u00f3rmula se somete a exigentes pruebas de campo en condiciones extremas, lo que garantiza\u00a0<b>mayores intervalos entre cambios sin comprometer el desempe\u00f1o<\/b>.<\/p><p class=\"x_MsoNormal\">\ud83d\udca1\u00a0<b>Eleg\u00ed la calidad de los lubricantes genuinos Valtra y llev\u00e1 tu equipo al m\u00e1ximo nivel.<\/b><br \/>Descubr\u00ed la verdadera ventaja de usar productos desarrollados especialmente para tu m\u00e1quina. \u00a1Hac\u00e9 la prueba y comprobalo!<\/p>\t\t\t\t\t\t\t\t<\/div>\n\t\t\t\t<\/div>\n\t\t\t\t<div class=\"elementor-element elementor-element-79c3a0c elementor-arrows-position-inside elementor-pagination-position-outside elementor-widget elementor-widget-image-carousel\" data-id=\"79c3a0c\" data-element_type=\"widget\" data-settings=\"{&quot;slides_to_show&quot;:&quot;4&quot;,&quot;navigation&quot;:&quot;both&quot;,&quot;autoplay&quot;:&quot;yes&quot;,&quot;pause_on_hover&quot;:&quot;yes&quot;,&quot;pause_on_interaction&quot;:&quot;yes&quot;,&quot;autoplay_speed&quot;:5000,&quot;infinite&quot;:&quot;yes&quot;,&quot;speed&quot;:500}\" data-widget_type=\"image-carousel.default\">\n\t\t\t\t<div class=\"elementor-widget-container\">\n\t\t\t\t\t\t\t<div class=\"elementor-image-carousel-wrapper swiper\" role=\"region\" aria-roledescription=\"carousel\" aria-label=\"Image Carousel\" dir=\"ltr\">\n\t\t\t<div class=\"elementor-image-carousel swiper-wrapper\" aria-live=\"off\">\n\t\t\t\t\t\t\t\t<div class=\"swiper-slide\" role=\"group\" aria-roledescription=\"slide\" aria-label=\"1 of 7\"><figure class=\"swiper-slide-inner\"><img decoding=\"async\" class=\"swiper-slide-image\" src=\"http:\/\/tandil.valtraar.math.group\/wp-content\/uploads\/sites\/24\/Valtra-Transmission-Gear.png\" alt=\"Valtra Transmission Gear\" \/><\/figure><\/div><div class=\"swiper-slide\" role=\"group\" aria-roledescription=\"slide\" aria-label=\"2 of 7\"><figure class=\"swiper-slide-inner\"><img decoding=\"async\" class=\"swiper-slide-image\" src=\"http:\/\/tandil.valtraar.math.group\/wp-content\/uploads\/sites\/24\/Valtra-Transmission-Power.png\" alt=\"Valtra Transmission Power\" \/><\/figure><\/div><div class=\"swiper-slide\" role=\"group\" aria-roledescription=\"slide\" aria-label=\"3 of 7\"><figure class=\"swiper-slide-inner\"><img decoding=\"async\" class=\"swiper-slide-image\" src=\"http:\/\/tandil.valtraar.math.group\/wp-content\/uploads\/sites\/24\/Valtra-Transmission-premium-20L.png\" alt=\"Valtra Transmission premium 20L\" \/><\/figure><\/div><div class=\"swiper-slide\" role=\"group\" aria-roledescription=\"slide\" aria-label=\"4 of 7\"><figure class=\"swiper-slide-inner\"><img decoding=\"async\" class=\"swiper-slide-image\" src=\"http:\/\/tandil.valtraar.math.group\/wp-content\/uploads\/sites\/24\/Valtra-Transmission-unique-20L.png\" alt=\"Valtra Transmission unique 20L\" \/><\/figure><\/div><div class=\"swiper-slide\" role=\"group\" aria-roledescription=\"slide\" aria-label=\"5 of 7\"><figure class=\"swiper-slide-inner\"><img decoding=\"async\" class=\"swiper-slide-image\" src=\"http:\/\/tandil.valtraar.math.group\/wp-content\/uploads\/sites\/24\/Valtra-Engine-Heritage-20L.png\" alt=\"Valtra Engine Heritage 20L\" \/><\/figure><\/div><div class=\"swiper-slide\" role=\"group\" aria-roledescription=\"slide\" aria-label=\"6 of 7\"><figure class=\"swiper-slide-inner\"><img decoding=\"async\" class=\"swiper-slide-image\" src=\"http:\/\/tandil.valtraar.math.group\/wp-content\/uploads\/sites\/24\/Valtra-Engine-Ultra-20L.png\" alt=\"Valtra Engine Ultra 20L\" \/><\/figure><\/div><div class=\"swiper-slide\" role=\"group\" aria-roledescription=\"slide\" aria-label=\"7 of 7\"><figure class=\"swiper-slide-inner\"><img decoding=\"async\" class=\"swiper-slide-image\" src=\"http:\/\/tandil.valtraar.math.group\/wp-content\/uploads\/sites\/24\/Valtra-Hydraulic-Max-68-20L.png\" alt=\"Valtra Hydraulic Max 68 20L\" \/><\/figure><\/div>\t\t\t<\/div>\n\t\t\t\t\t\t\t\t\t\t\t\t<div class=\"elementor-swiper-button elementor-swiper-button-prev\" role=\"button\" tabindex=\"0\">\n\t\t\t\t\t\t<svg aria-hidden=\"true\" class=\"e-font-icon-svg e-eicon-chevron-left\" viewbox=\"0 0 1000 1000\" xmlns=\"http:\/\/www.w3.org\/2000\/svg\"><path d=\"M646 125C629 125 613 133 604 142L308 442C296 454 292 471 292 487 292 504 296 521 308 533L604 854C617 867 629 875 646 875 663 875 679 871 692 858 704 846 713 829 713 812 713 796 708 779 692 767L438 487 692 225C700 217 708 204 708 187 708 171 704 154 692 142 675 129 663 125 646 125Z\"><\/path><\/svg>\t\t\t\t\t<\/div>\n\t\t\t\t\t<div class=\"elementor-swiper-button elementor-swiper-button-next\" role=\"button\" tabindex=\"0\">\n\t\t\t\t\t\t<svg aria-hidden=\"true\" class=\"e-font-icon-svg e-eicon-chevron-right\" viewbox=\"0 0 1000 1000\" xmlns=\"http:\/\/www.w3.org\/2000\/svg\"><path d=\"M696 533C708 521 713 504 713 487 713 471 708 454 696 446L400 146C388 133 375 125 354 125 338 125 325 129 313 142 300 154 292 171 292 187 292 204 296 221 308 233L563 492 304 771C292 783 288 800 288 817 288 833 296 850 308 863 321 871 338 875 354 875 371 875 388 867 400 854L696 533Z\"><\/path><\/svg>\t\t\t\t\t<\/div>\n\t\t\t\t\n\t\t\t\t\t\t\t\t\t<div class=\"swiper-pagination\"><\/div>\n\t\t\t\t\t\t\t\t\t<\/div>\n\t\t\t\t\t\t<\/div>\n\t\t\t\t<\/div>\n\t\t\t\t<\/div>\n\t\t\t\t<\/div>","protected":false},"excerpt":{"rendered":"<p>Lubricantes y aditivos genuinos Optimiza el rendimiento de tu equipo Los\u00a0lubricantes y aditivos genuinos Valtra\u00a0son clave para el funcionamiento perfecto de tu maquinaria. Con especificaciones exclusivas, reducen el desgaste prematuro de los componentes y mantienen el sistema a la temperatura \u00f3ptima de trabajo durante toda la jornada. Los\u00a0lubricantes genuinos Valtra\u00a0est\u00e1n desarrollados para maximizar el rendimiento [&hellip;]<\/p>\n","protected":false},"author":1,"featured_media":0,"parent":0,"menu_order":0,"comment_status":"closed","ping_status":"closed","template":"","meta":{"_acf_changed":false,"footnotes":""},"class_list":["post-21","page","type-page","status-publish","hentry"],"acf":[],"featured_image_src":null,"featured_image_src_square":null,"_links":{"self":[{"href":"https:\/\/tandil.valtraar.math.group\/es\/wp-json\/wp\/v2\/pages\/21","targetHints":{"allow":["GET"]}}],"collection":[{"href":"https:\/\/tandil.valtraar.math.group\/es\/wp-json\/wp\/v2\/pages"}],"about":[{"href":"https:\/\/tandil.valtraar.math.group\/es\/wp-json\/wp\/v2\/types\/page"}],"author":[{"embeddable":true,"href":"https:\/\/tandil.valtraar.math.group\/es\/wp-json\/wp\/v2\/users\/1"}],"replies":[{"embeddable":true,"href":"https:\/\/tandil.valtraar.math.group\/es\/wp-json\/wp\/v2\/comments?post=21"}],"version-history":[{"count":0,"href":"https:\/\/tandil.valtraar.math.group\/es\/wp-json\/wp\/v2\/pages\/21\/revisions"}],"wp:attachment":[{"href":"https:\/\/tandil.valtraar.math.group\/es\/wp-json\/wp\/v2\/media?parent=21"}],"curies":[{"name":"wp","href":"https:\/\/api.w.org\/{rel}","templated":true}]}}