{"id":25,"date":"2025-01-24T16:00:39","date_gmt":"2025-01-24T19:00:39","guid":{"rendered":"https:\/\/padraovhml.tech.math.group\/?page_id=25"},"modified":"2025-07-01T15:25:32","modified_gmt":"2025-07-01T18:25:32","slug":"quem-somos","status":"publish","type":"page","link":"https:\/\/tandil.valtraar.math.group\/es\/quienes-somos\/","title":{"rendered":"Qui\u00e9nes somos"},"content":{"rendered":"\t\t<div data-elementor-type=\"wp-page\" data-elementor-id=\"25\" class=\"elementor elementor-25\">\n\t\t\t\t<div class=\"elementor-element elementor-element-1ce4cc54 e-con-full main-title e-flex e-con e-parent\" data-id=\"1ce4cc54\" data-element_type=\"container\" data-settings=\"{&quot;background_background&quot;:&quot;classic&quot;}\">\n\t\t\t\t<div class=\"elementor-element elementor-element-6a51723 elementor-widget elementor-widget-text-editor\" data-id=\"6a51723\" data-element_type=\"widget\" data-widget_type=\"text-editor.default\">\n\t\t\t\t<div class=\"elementor-widget-container\">\n\t\t\t\t\t\t\t\t\t<p>TANDIL AGROTRACCION<\/p>\t\t\t\t\t\t\t\t<\/div>\n\t\t\t\t<\/div>\n\t\t\t\t<\/div>\n\t\t<div class=\"elementor-element elementor-element-4bfc9a72 e-con-full content e-flex e-con e-parent\" data-id=\"4bfc9a72\" data-element_type=\"container\">\n\t\t\t\t<div class=\"elementor-element elementor-element-2c2b159 main-title with-separator elementor-widget elementor-widget-heading\" data-id=\"2c2b159\" data-element_type=\"widget\" data-widget_type=\"heading.default\">\n\t\t\t\t<div class=\"elementor-widget-container\">\n\t\t\t\t\t<span class=\"elementor-heading-title elementor-size-default\">NUESTRA HISTORIA\n<\/span>\t\t\t\t<\/div>\n\t\t\t\t<\/div>\n\t\t\t\t<\/div>\n\t\t<div class=\"elementor-element elementor-element-625107f8 e-flex e-con-boxed e-con e-parent\" data-id=\"625107f8\" data-element_type=\"container\">\n\t\t\t\t\t<div class=\"e-con-inner\">\n\t\t\t\t<div class=\"elementor-element elementor-element-bd9c050 elementor-widget elementor-widget-text-editor\" data-id=\"bd9c050\" data-element_type=\"widget\" data-widget_type=\"text-editor.default\">\n\t\t\t\t<div class=\"elementor-widget-container\">\n\t\t\t\t\t\t\t\t\t<div class=\"contenedor-adelanto\"><div class=\"adelanto-nota-desplegada\"><div class=\"contenedor-adelanto\"><div class=\"adelanto-nota-desplegada\"><div class=\"contenedor-adelanto\"><div class=\"adelanto-nota-desplegada\" style=\"text-align: center;\"><div class=\"wdg-caja\" data-widget=\"caja\"><div class=\"wdg-caja-v5\"><div class=\"\" data-role=\"extendfull\" data-bind=\"\n\t\t\textendfull\t\t: shouldExtendFull(),\n\t\t\textendfullOptions\t: {\n\t\t\t\t'parent'\t\t: $($element).closest('.window')[0] || window\n\t\t\t},\n\t\t\tcss\t\t\t: {\n\t\t\t\t'width-extend-full' : shouldExtendFull(),\n\t\t\t\t'container'\t\t\t: shouldExtendContent()\n\t\t\t},\n\t\t\tstyle: getV5StyleByRoles( $element )\n\t\t\t\"><div data-role=\"onscreen-detector\" data-bind=\"onScreen: shouldActivateOnScreen(), onScreenOptions: { css: 'onscreen' }, 'style': getV5StyleByRoles( $element )\"><div class=\"\" data-role=\"animation\" data-bind=\"\n\t\t\t\t\tclass\t: [\n\t\t\t\t\t\t!window.G_esCuttyCapt &amp;&amp; data.animationName(),\n\t\t\t\t\t\t$onScreen.active() &amp;&amp; !animationIsPaused() ? 'animated go' : ''\n\t\t\t\t\t].join(' '),\n\t\t\t\t\tstyle\t: $.extend(getAnimationStyle(), getV5StyleByRoles( $element ))\n\t\t\t\t\t\"><div class=\"clearfix transitionable\" data-role=\"margin\" data-bind=\"css: fixBtnCss(data.css()), style: getV5StyleByRoles( $element )\"><div class=\"transitionable\" data-role=\"align-self-horizontal border-radius width min-width overflow background-container rotate\" data-bind=\"style: getV5StyleByRoles( $element )\"><div class=\"transitionable vertical-align-\" data-role=\"content overflow padding height color vertical-align border-transparent hw-accel-parallax\" data-bind=\"\n\t\tstyle: getV5StyleByRoles( $element ),\n\t\tcss: 'vertical-align-' + data.verticalAlign(),\n\t\telementResize\t\t: tieneSnippetConAltoEnPorcentaje(),\n\t\telementResizeOptions\t: { 'as' : '$dimensions' }\n\t\t\"><div data-role=\"vertical-align-child\" data-bind=\"style: getV5StyleByRoles( $element )\"><div class=\"align-null\" data-role=\"align\" data-bind=\"\n\t\t\t\tcss: [shouldExtendBackgroundFull() ? 'container' : '', 'align-' + data.align()].join(' '),\n\t\t\t\tstyle\t: $.extend({\n\t\t\t\t\t'maxWidth'\t: '100%'\n\t\t\t\t},getV5StyleByRoles( $element ))\"><div class=\"row-fluid no-gutters\" data-bind=\"css: {'no-gutters': data.noGutters} \"><div class=\"span10\" data-bind=\"\n\t\t\tcss\t\t\t\t\t: $parent.getColumnClass($data) + ' ' + css(), \n\t\t\ttemplate\t\t\t: {name: 'template-columna', data: $data}\n\t\t\"><h2 class=\"restore-pointer-events\" data-bind=\"\n\t\t\tstyle\t: $root.getSnippetStyle ? $root.getSnippetStyle( $parent ) : $parent.getStyle(),\n\t\t\tfontsize: ( $root.getSnippetStyle ? $root.getSnippetStyle( $parent ) : $parent.getStyle() ).fontSize,\n\t\t\tcss: $parent.fixBtnCss(ko.unwrap($data.css)),\n\t\t\ttemplate: {\n\t\t\t\tname: 'template-variants',\n\t\t\t\tdata: { snippet: $parent, formattingElements: $parent.formattingElements() }\n\t\t\t},\n\t\t\ttextfill: false &amp;&amp; $root.window.visiblePhone()\"><span data-bind=\"text: ko.unwrap( snippet.data.contenido )\">Con\u00f3zcanos!!! Una breve rese\u00f1a de nuestra trayectoria<\/span><\/h2><\/div><div class=\"span1\" data-bind=\"\n\t\t\tcss\t\t\t\t\t: $parent.getColumnClass($data) + ' ' + css(), \n\t\t\ttemplate\t\t\t: {name: 'template-columna', data: $data}\n\t\t\">\u00a0<\/div><\/div><\/div><\/div><\/div><\/div><\/div><\/div><\/div><\/div><\/div><\/div><div class=\"wdg-caja\" data-widget=\"caja\"><div class=\"wdg-caja-v5\"><div class=\"\" data-role=\"extendfull\" data-bind=\"\n\t\t\textendfull\t\t: shouldExtendFull(),\n\t\t\textendfullOptions\t: {\n\t\t\t\t'parent'\t\t: $($element).closest('.window')[0] || window\n\t\t\t},\n\t\t\tcss\t\t\t: {\n\t\t\t\t'width-extend-full' : shouldExtendFull(),\n\t\t\t\t'container'\t\t\t: shouldExtendContent()\n\t\t\t},\n\t\t\tstyle: getV5StyleByRoles( $element )\n\t\t\t\"><div data-role=\"onscreen-detector\" data-bind=\"onScreen: shouldActivateOnScreen(), onScreenOptions: { css: 'onscreen' }, 'style': getV5StyleByRoles( $element )\"><div class=\"\" data-role=\"animation\" data-bind=\"\n\t\t\t\t\tclass\t: [\n\t\t\t\t\t\t!window.G_esCuttyCapt &amp;&amp; data.animationName(),\n\t\t\t\t\t\t$onScreen.active() &amp;&amp; !animationIsPaused() ? 'animated go' : ''\n\t\t\t\t\t].join(' '),\n\t\t\t\t\tstyle\t: $.extend(getAnimationStyle(), getV5StyleByRoles( $element ))\n\t\t\t\t\t\"><div class=\"clearfix transitionable\" data-role=\"margin\" data-bind=\"css: fixBtnCss(data.css()), style: getV5StyleByRoles( $element )\"><div class=\"transitionable\" data-role=\"align-self-horizontal border-radius width min-width overflow background-container rotate\" data-bind=\"style: getV5StyleByRoles( $element )\"><div class=\"transitionable\" data-role=\"height-sizer\" data-bind=\"style: getV5StyleByRoles( $element )\">\u00a0<\/div><div class=\"position-absolute-cover transitionable\" data-role=\"background border-radius\" data-bind=\"style: getV5StyleByRoles( $element )\"><div class=\"position-absolute-cover\" data-role=\"background-color\" data-bind=\"style: $.extend({},getV2StyleBackgroundColor())\">\u00a0<\/div><\/div><div class=\"position-absolute-cover\" data-role=\"border\" data-bind=\"style: getV5StyleByRoles( $element )\">\u00a0<\/div><div class=\"transitionable vertical-align-\" data-role=\"content overflow padding height color vertical-align border-transparent hw-accel-parallax\" data-bind=\"\n\t\tstyle: getV5StyleByRoles( $element ),\n\t\tcss: 'vertical-align-' + data.verticalAlign(),\n\t\telementResize\t\t: tieneSnippetConAltoEnPorcentaje(),\n\t\telementResizeOptions\t: { 'as' : '$dimensions' }\n\t\t\"><div data-role=\"vertical-align-child\" data-bind=\"style: getV5StyleByRoles( $element )\"><div class=\"align-null\" data-role=\"align\" data-bind=\"\n\t\t\t\tcss: [shouldExtendBackgroundFull() ? 'container' : '', 'align-' + data.align()].join(' '),\n\t\t\t\tstyle\t: $.extend({\n\t\t\t\t\t'maxWidth'\t: '100%'\n\t\t\t\t},getV5StyleByRoles( $element ))\"><div class=\"row-fluid no-gutters\" data-bind=\"css: {'no-gutters': data.noGutters} \"><div class=\"span1\" data-bind=\"\n\t\t\tcss\t\t\t\t\t: $parent.getColumnClass($data) + ' ' + css(), \n\t\t\ttemplate\t\t\t: {name: 'template-columna', data: $data}\n\t\t\">\u00a0<\/div><div class=\"span10\" data-bind=\"\n\t\t\tcss\t\t\t\t\t: $parent.getColumnClass($data) + ' ' + css(), \n\t\t\ttemplate\t\t\t: {name: 'template-columna', data: $data}\n\t\t\"><div class=\"h-separator\">\u00a0<\/div><p class=\"pre restore-pointer-events\" data-bind=\"\n\t\t\tstyle: $root.getSnippetStyle ? $root.getSnippetStyle( $parent ) : $parent.getStyle(),\n\t\t\tfontsize: ( $root.getSnippetStyle ? $root.getSnippetStyle( $parent ) : $parent.getStyle() ).fontSize,\n\t\t\tcss: $parent.fixBtnCss(ko.unwrap($data.css)),\n\t\t\ttemplate: {\n\t\t\t\tname: 'template-variants',\n\t\t\t\tdata: { snippet: $parent, formattingElements: $parent.formattingElements() }\n\t\t\t},\n\t\t\ttextfill: false &amp;&amp; $root.window.visiblePhone()\"><span data-bind=\"text: ko.unwrap( snippet.data.contenido )\">Si bien la firma TANDIL AGROTRACCION S.A. se crea en el a\u00f1o 2008, nuestro personal tiene una basta experiencia en el mercado de Maquinaria Agr\u00edcola, contando en suma, con una experiencia de m\u00e1s de 137 a\u00f1os. El socio mayoritario de la firma, tuvo sus inicios en la f\u00e1brica DEUTZ Argentina S.A., realizando una destacada trayectoria en el \u00e1rea comercial, culmin\u00e1ndola como Gerente Regional de Ventas, para emprender el camino como empresario con AGROTRACCION S.A. en Venado Tuerto, provincia de Santa Fe. Tambi\u00e9n el actual Gerente Comercial, se inici\u00f3 en DEUTZ Argentina S.A. desempe\u00f1\u00e1ndose en distintas \u00e1reas como, Administraci\u00f3n de Ventas, Marketing, Producto, Ingenier\u00eda de Ventas y culminando como Gerente de Territorio de la actual AGCO Argentina S.A. empresa que si hiciera cargo de DEUTZ en 1997.<\/span><\/p><\/div><\/div><\/div><\/div><\/div><\/div><\/div><\/div><\/div><\/div><\/div><\/div><\/div><\/div><\/div><\/div><\/div><\/div>\t\t\t\t\t\t\t\t<\/div>\n\t\t\t\t<\/div>\n\t\t\t\t\t<\/div>\n\t\t\t\t<\/div>\n\t\t<div class=\"elementor-element elementor-element-680711e4 e-con-full content e-flex e-con e-parent\" data-id=\"680711e4\" data-element_type=\"container\">\n\t\t\t\t<div class=\"elementor-element elementor-element-2939cc43 main-title with-separator elementor-widget elementor-widget-heading\" data-id=\"2939cc43\" data-element_type=\"widget\" data-widget_type=\"heading.default\">\n\t\t\t\t<div class=\"elementor-widget-container\">\n\t\t\t\t\t<span class=\"elementor-heading-title elementor-size-default\">Institucional<\/span>\t\t\t\t<\/div>\n\t\t\t\t<\/div>\n\t\t\t\t<\/div>\n\t\t<div class=\"elementor-element elementor-element-1b85feaf e-flex e-con-boxed e-con e-parent\" data-id=\"1b85feaf\" data-element_type=\"container\">\n\t\t\t\t\t<div class=\"e-con-inner\">\n\t\t\t\t<div class=\"elementor-element elementor-element-7a423781 elementor-widget elementor-widget-text-editor\" data-id=\"7a423781\" data-element_type=\"widget\" data-widget_type=\"text-editor.default\">\n\t\t\t\t<div class=\"elementor-widget-container\">\n\t\t\t\t\t\t\t\t\t<p>Una marca internacional con m\u00e1s de 50 a\u00f1os<\/p><p>Hace m\u00e1s de cuatro d\u00e9cadas. Valtra Inc. (Empresa europea ubicada en Finlandia) funda Valtra do Brasil S.A. Ambas vienen ocupando una posici\u00f3n destacada en el segmento de tractores agr\u00edcolas, principalmente en Escandinavia y Am\u00e9rica del Sur. Esta fuerte presencia en un mercado tan competitivo e integrada, teniendo siempre como objetivo principal atender a las necesidades de nuestros clientes.<\/p><p>Vocaci\u00f3n para innovar<\/p><p>Creer en el desarrollo y en la aplicaci\u00f3n de los conceptos m\u00e1s modernos y avanzados, siempre considerando la importancia de las soluciones m\u00e1s tradicionales ha sido nuestro desaf\u00edo en este largo camino. Para ello, contamos con el mejor equipo t\u00e9cnico disponible en el mercado, un sistema flexible de manufactura y el uso de la inf\u00f3rmatica desde el proyecto hasta la fabricaci\u00f3n.<\/p><p>Valtra en Resumen<\/p><p><strong>Producci\u00f3n Personalizada<\/strong><br \/>La producci\u00f3n de los tractores Valtra est\u00e1 basada en un sistema r\u00e1pido y eficiente de pedido personalizado por el cliente.<br \/>Los tractores Valtra sen montados en m\u00f3dulos conforme el deseo de los clientes, o sea, todos los tractores son hechos bajo encargo y especificaciones decididas por el comprador.<br \/>Los clientes reconocen los importantes beneficios de esta aproximaci\u00f3n, y cada vez m\u00e1s visitan la f\u00e1brica para ver los tractores siendo montados.<\/p><p><strong>Productos<\/strong><br \/>Los productos de Valtra son tractores agr\u00edcolas de calidad superior en la franja entre 65-180 cv. Los componentes fundamentales son desarrollados y producidos por la propia empresa. La gran cantidad de estructuras y m\u00f3dulos permite producir alrededor de medio mill\u00f3n de variaciones de productos diferentes.<\/p><p><strong>F\u00e1bricas<\/strong><br \/>Las f\u00e1bricas de tractores est\u00e1n situadas en Suolahti y Nokia en Finlandia, y en Mogi das Cruzes, en Brasil.<br \/>La f\u00e1brica de motores Diesel de Valtra es especializada en fabricar motores para uso agr\u00edcola. Una parte considerable de la producci\u00f3n se entrega a otros fabricantes agr\u00edcolas y de m\u00e1quinas de construcci\u00f3n alrededor del mundo.<\/p><p>Esta presentaci\u00f3n le ofrece una panor\u00e1mica completa de la historia de Valtra, desde las ra\u00edces de la compa\u00f1\u00eda en Suecia y Finlandia hasta nuestros d\u00edas.<br \/><a href=\"http:\/\/history.valtra.com\/index.php?lang=es\" target=\"_blank\" rel=\"noopener\">Vea aqu\u00ed la presentaci\u00f3n de la historia de Valtra<\/a>\u00a0<\/p><p><span id=\"result_box\" lang=\"es\"><span class=\"hps\">Visite los sitios<\/span>\u00a0<span class=\"hps\">y<\/span>\u00a0<span class=\"hps\"><a href=\"http:\/\/www.agcocorp.com\/\">http:\/\/www.agcocorp.com<\/a>\u00a0<\/span><\/span><\/p><p><span id=\"result_box\" lang=\"es\"><span class=\"hps\"><a href=\"http:\/\/www.agco.com.ar\/\">http:\/\/www.agco.com.ar<\/a><\/span><\/span><\/p>\t\t\t\t\t\t\t\t<\/div>\n\t\t\t\t<\/div>\n\t\t\t\t<div class=\"elementor-element elementor-element-7cb5be64 elementor-align-left elementor-widget elementor-widget-button\" data-id=\"7cb5be64\" data-element_type=\"widget\" data-widget_type=\"button.default\">\n\t\t\t\t<div class=\"elementor-widget-container\">\n\t\t\t\t\t\t\t\t\t<div class=\"elementor-button-wrapper\">\n\t\t\t\t\t<a class=\"elementor-button elementor-button-link elementor-size-sm\" href=\"https:\/\/www.agco.com.ar\/\">\n\t\t\t\t\t\t<span class=\"elementor-button-content-wrapper\">\n\t\t\t\t\t\t\t\t\t<span class=\"elementor-button-text\">Conocer m\u00e1s dde agco<\/span>\n\t\t\t\t\t<\/span>\n\t\t\t\t\t<\/a>\n\t\t\t\t<\/div>\n\t\t\t\t\t\t\t\t<\/div>\n\t\t\t\t<\/div>\n\t\t\t\t\t<\/div>\n\t\t\t\t<\/div>\n\t\t\t\t<\/div>\n\t\t","protected":false},"excerpt":{"rendered":"<p>NUESTRA HISTORIA Con\u00f3zcanos!!! Una breve rese\u00f1a de nuestra trayectoria \u00a0\u00a0\u00a0\u00a0\u00a0\u00a0 Si bien la firma TANDIL AGROTRACCION S.A. se crea en el a\u00f1o 2008, nuestro personal tiene una basta experiencia en el mercado de Maquinaria Agr\u00edcola, contando en suma, con una experiencia de m\u00e1s de 137 a\u00f1os. El socio mayoritario de la firma, tuvo sus inicios [&hellip;]<\/p>\n","protected":false},"author":1,"featured_media":0,"parent":0,"menu_order":0,"comment_status":"closed","ping_status":"closed","template":"","meta":{"_acf_changed":false,"footnotes":""},"class_list":["post-25","page","type-page","status-publish","hentry"],"acf":[],"featured_image_src":null,"featured_image_src_square":null,"_links":{"self":[{"href":"https:\/\/tandil.valtraar.math.group\/es\/wp-json\/wp\/v2\/pages\/25","targetHints":{"allow":["GET"]}}],"collection":[{"href":"https:\/\/tandil.valtraar.math.group\/es\/wp-json\/wp\/v2\/pages"}],"about":[{"href":"https:\/\/tandil.valtraar.math.group\/es\/wp-json\/wp\/v2\/types\/page"}],"author":[{"embeddable":true,"href":"https:\/\/tandil.valtraar.math.group\/es\/wp-json\/wp\/v2\/users\/1"}],"replies":[{"embeddable":true,"href":"https:\/\/tandil.valtraar.math.group\/es\/wp-json\/wp\/v2\/comments?post=25"}],"version-history":[{"count":0,"href":"https:\/\/tandil.valtraar.math.group\/es\/wp-json\/wp\/v2\/pages\/25\/revisions"}],"wp:attachment":[{"href":"https:\/\/tandil.valtraar.math.group\/es\/wp-json\/wp\/v2\/media?parent=25"}],"curies":[{"name":"wp","href":"https:\/\/api.w.org\/{rel}","templated":true}]}}