{"id":262,"date":"2025-02-06T14:23:28","date_gmt":"2025-02-06T17:23:28","guid":{"rendered":"https:\/\/padraovhml.tech.math.group\/?page_id=262"},"modified":"2025-04-28T10:17:03","modified_gmt":"2025-04-28T13:17:03","slug":"agricultura-familiar","status":"publish","type":"page","link":"https:\/\/tandil.valtraar.math.group\/es\/agricultura-familiar\/","title":{"rendered":"Agricultura familiar"},"content":{"rendered":"<div data-elementor-type=\"wp-page\" data-elementor-id=\"262\" class=\"elementor elementor-262\">\n\t\t\t\t<div class=\"elementor-element elementor-element-2dfb576a e-con-full main-title  e-flex e-con e-parent\" data-id=\"2dfb576a\" data-element_type=\"container\" data-settings=\"{&quot;background_background&quot;:&quot;classic&quot;}\">\n\t\t\t\t<div class=\"elementor-element elementor-element-908cb40 content elementor-widget elementor-widget-text-editor\" data-id=\"908cb40\" data-element_type=\"widget\" data-widget_type=\"text-editor.default\">\n\t\t\t\t<div class=\"elementor-widget-container\">\n\t\t\t\t\t\t\t\t\t<h1 class=\"hero__heading\"><strong data-start=\"0\" data-end=\"31\" data-is-only-node=\"\">Soluciones completas Valtra<\/strong><br data-start=\"31\" data-end=\"34\" \/><strong data-start=\"34\" data-end=\"91\" data-is-last-node=\"\">Alta performance para optimizar la operaci\u00f3n familiar<\/strong><\/h1>\t\t\t\t\t\t\t\t<\/div>\n\t\t\t\t<\/div>\n\t\t\t\t<\/div>\n\t\t<div class=\"elementor-element elementor-element-2865bf8e e-con-full content e-flex e-con e-parent\" data-id=\"2865bf8e\" data-element_type=\"container\">\n\t\t\t\t<div class=\"elementor-element elementor-element-71b65fda main-title with-separator elementor-widget elementor-widget-heading\" data-id=\"71b65fda\" data-element_type=\"widget\" data-widget_type=\"heading.default\">\n\t\t\t\t<div class=\"elementor-widget-container\">\n\t\t\t\t\t<span class=\"elementor-heading-title elementor-size-default\">SOLUCIONES POR CULTIVO: AGRICULTURA FAMILIAR\n\n<\/span>\t\t\t\t<\/div>\n\t\t\t\t<\/div>\n\t\t\t\t<\/div>\n\t\t<div class=\"elementor-element elementor-element-20663706 e-con-full content e-flex e-con e-parent\" data-id=\"20663706\" data-element_type=\"container\">\n\t\t<div class=\"elementor-element elementor-element-31e42618 e-con-full e-flex e-con e-child\" data-id=\"31e42618\" data-element_type=\"container\">\n\t\t\t\t<div class=\"elementor-element elementor-element-7232b696 elementor-widget elementor-widget-text-editor\" data-id=\"7232b696\" data-element_type=\"widget\" data-widget_type=\"text-editor.default\">\n\t\t\t\t<div class=\"elementor-widget-container\">\n\t\t\t\t\t\t\t\t\t<div class=\"liftblockcomp aem-GridColumn aem-GridColumn--default--12\"><div class=\"liftblock liftblock--half liftblock--right\"><div class=\"liftblock__wrap\"><div class=\"liftblock__text\"><div class=\"liftblock__text-wrap\"><div class=\"liftblock__description\"><p class=\"\" data-start=\"0\" data-end=\"418\">El segmento de peque\u00f1os productores rurales es responsable de aproximadamente el 70% de los alimentos consumidos en los hogares brasile\u00f1os. Y Valtra no solo reconoce su importancia, sino que tambi\u00e9n tiene en cuenta todos los detalles para atender mejor las necesidades de la operaci\u00f3n de agricultura familiar. Soluciones completas de tractores e implementos para excelente plantabilidad, costo-beneficio y germinaci\u00f3n.<\/p><p class=\"\" data-start=\"420\" data-end=\"919\">Mucho m\u00e1s que un tractor, un implemento o una sembradora, contar\u00e1s con una oferta completa de Valtra para responder a las demandas de tu operaci\u00f3n de agricultura familiar. Ya sea para las actividades del d\u00eda a d\u00eda, en la preparaci\u00f3n de un bancal, el manejo de plagas o el transporte de los frutos cosechados, la entrega se traduce en potencia, toma de fuerza, sistema hidr\u00e1ulico diferenciado, eficiencia operativa y alto rendimiento, fortaleciendo una asociaci\u00f3n que ya ha tenido \u00e9xito durante a\u00f1os.<\/p><\/div><\/div><\/div><\/div><\/div><\/div>\t\t\t\t\t\t\t\t<\/div>\n\t\t\t\t<\/div>\n\t\t\t\t<\/div>\n\t\t<div class=\"elementor-element elementor-element-3dc29ee7 e-con-full e-flex elementor-invisible e-con e-child\" data-id=\"3dc29ee7\" data-element_type=\"container\" data-settings=\"{&quot;animation&quot;:&quot;fadeInRight&quot;}\">\n\t\t\t\t<div class=\"elementor-element elementor-element-504cabfd elementor-widget elementor-widget-image\" data-id=\"504cabfd\" data-element_type=\"widget\" data-widget_type=\"image.default\">\n\t\t\t\t<div class=\"elementor-widget-container\">\n\t\t\t\t\t\t\t\t\t\t\t\t\t\t\t<img fetchpriority=\"high\" decoding=\"async\" width=\"800\" height=\"534\" src=\"https:\/\/tandil.valtraar.math.group\/wp-content\/uploads\/sites\/24\/2025\/02\/familiar_01.jpg\" class=\"attachment-large size-large wp-image-264\" alt=\"\" srcset=\"https:\/\/tandil.valtraar.math.group\/wp-content\/uploads\/sites\/24\/2025\/02\/familiar_01.jpg 800w, https:\/\/tandil.valtraar.math.group\/wp-content\/uploads\/sites\/24\/2025\/02\/familiar_01-300x200.jpg 300w, https:\/\/tandil.valtraar.math.group\/wp-content\/uploads\/sites\/24\/2025\/02\/familiar_01-768x513.jpg 768w, https:\/\/tandil.valtraar.math.group\/wp-content\/uploads\/sites\/24\/2025\/02\/familiar_01-600x400.jpg 600w\" sizes=\"(max-width: 800px) 100vw, 800px\" \/>\t\t\t\t\t\t\t\t\t\t\t\t\t\t\t<\/div>\n\t\t\t\t<\/div>\n\t\t\t\t<\/div>\n\t\t\t\t<\/div>\n\t\t<div class=\"elementor-element elementor-element-721237df e-con-full content e-flex e-con e-parent\" data-id=\"721237df\" data-element_type=\"container\">\n\t\t\t\t<div class=\"elementor-element elementor-element-70ed1129 main-title with-separator elementor-widget elementor-widget-heading\" data-id=\"70ed1129\" data-element_type=\"widget\" data-widget_type=\"heading.default\">\n\t\t\t\t<div class=\"elementor-widget-container\">\n\t\t\t\t\t<span class=\"elementor-heading-title elementor-size-default\">Eche un vistazo a algunos aspectos destacados reconocidos para su producci\u00f3n:\n<\/span>\t\t\t\t<\/div>\n\t\t\t\t<\/div>\n\t\t\t\t<\/div>\n\t\t<div class=\"elementor-element elementor-element-22cf2640 e-con-full content e-flex e-con e-parent\" data-id=\"22cf2640\" data-element_type=\"container\">\n\t\t<div class=\"elementor-element elementor-element-18d70017 e-con-full e-flex elementor-invisible e-con e-child\" data-id=\"18d70017\" data-element_type=\"container\" data-settings=\"{&quot;animation&quot;:&quot;fadeInLeft&quot;}\">\n\t\t\t\t<div class=\"elementor-element elementor-element-6ca9fc41 elementor-widget elementor-widget-image\" data-id=\"6ca9fc41\" data-element_type=\"widget\" data-widget_type=\"image.default\">\n\t\t\t\t<div class=\"elementor-widget-container\">\n\t\t\t\t\t\t\t\t\t\t\t\t\t\t\t<img decoding=\"async\" width=\"600\" height=\"600\" src=\"https:\/\/tandil.valtraar.math.group\/wp-content\/uploads\/sites\/24\/2025\/02\/familiar_02-1-600x600.jpg\" class=\"attachment-gb-block-post-grid-square size-gb-block-post-grid-square wp-image-265\" alt=\"\" srcset=\"https:\/\/tandil.valtraar.math.group\/wp-content\/uploads\/sites\/24\/2025\/02\/familiar_02-1-600x600.jpg 600w, https:\/\/tandil.valtraar.math.group\/wp-content\/uploads\/sites\/24\/2025\/02\/familiar_02-1-300x300.jpg 300w, https:\/\/tandil.valtraar.math.group\/wp-content\/uploads\/sites\/24\/2025\/02\/familiar_02-1-150x150.jpg 150w, https:\/\/tandil.valtraar.math.group\/wp-content\/uploads\/sites\/24\/2025\/02\/familiar_02-1-768x768.jpg 768w, https:\/\/tandil.valtraar.math.group\/wp-content\/uploads\/sites\/24\/2025\/02\/familiar_02-1.jpg 800w\" sizes=\"(max-width: 600px) 100vw, 600px\" \/>\t\t\t\t\t\t\t\t\t\t\t\t\t\t\t<\/div>\n\t\t\t\t<\/div>\n\t\t\t\t<\/div>\n\t\t<div class=\"elementor-element elementor-element-3010f91e e-con-full e-flex e-con e-child\" data-id=\"3010f91e\" data-element_type=\"container\">\n\t\t\t\t<div class=\"elementor-element elementor-element-84e665 main-subtitle elementor-widget elementor-widget-heading\" data-id=\"84e665\" data-element_type=\"widget\" data-widget_type=\"heading.default\">\n\t\t\t\t<div class=\"elementor-widget-container\">\n\t\t\t\t\t<span class=\"elementor-heading-title elementor-size-default\">L\u00cdNEA A2R\n<\/span>\t\t\t\t<\/div>\n\t\t\t\t<\/div>\n\t\t\t\t<div class=\"elementor-element elementor-element-ce1178c elementor-widget elementor-widget-text-editor\" data-id=\"ce1178c\" data-element_type=\"widget\" data-widget_type=\"text-editor.default\">\n\t\t\t\t<div class=\"elementor-widget-container\">\n\t\t\t\t\t\t\t\t\tLa <strong><a href=\"\/es\/productos\/tratores\/serie-a2r\/\">Serie A2R<\/a><\/strong> Valtra es una aliada para todo momento y m\u00faltiples cultivos, actuando como una verdadera compa\u00f1era de trabajo para el d\u00eda a d\u00eda. Tiene excelente relaci\u00f3n calidad-precio y es reconocida por realizar las actividades agr\u00edcolas de manera eficiente y sin complicaciones, pudiendo trabajar con todo tipo de implemento gracias a su alta capacidad de levantamiento. Cuenta con controles mec\u00e1nicos ergon\u00f3micamente ubicados y de f\u00e1cil operaci\u00f3n que no sobrecargan al operador, incluso en jornadas de trabajo m\u00e1s largas.\t\t\t\t\t\t\t\t<\/div>\n\t\t\t\t<\/div>\n\t\t\t\t<div class=\"elementor-element elementor-element-3ad1a125 elementor-align-left elementor-widget elementor-widget-button\" data-id=\"3ad1a125\" data-element_type=\"widget\" data-widget_type=\"button.default\">\n\t\t\t\t<div class=\"elementor-widget-container\">\n\t\t\t\t\t\t\t\t\t<div class=\"elementor-button-wrapper\">\n\t\t\t\t\t<a class=\"elementor-button elementor-button-link elementor-size-sm\" href=\"\/es\/productos\/tratores\/serie-a2r\/\">\n\t\t\t\t\t\t<span class=\"elementor-button-content-wrapper\">\n\t\t\t\t\t\t\t\t\t<span class=\"elementor-button-text\">Saber m\u00e1s<\/span>\n\t\t\t\t\t<\/span>\n\t\t\t\t\t<\/a>\n\t\t\t\t<\/div>\n\t\t\t\t\t\t\t\t<\/div>\n\t\t\t\t<\/div>\n\t\t\t\t<\/div>\n\t\t\t\t<\/div>\n\t\t<div class=\"elementor-element elementor-element-7fe3f77a e-con-full content e-flex e-con e-parent\" data-id=\"7fe3f77a\" data-element_type=\"container\">\n\t\t<div class=\"elementor-element elementor-element-39a5a82a e-con-full e-flex e-con e-child\" data-id=\"39a5a82a\" data-element_type=\"container\">\n\t\t\t\t<div class=\"elementor-element elementor-element-7c41466a main-subtitle elementor-widget elementor-widget-heading\" data-id=\"7c41466a\" data-element_type=\"widget\" data-widget_type=\"heading.default\">\n\t\t\t\t<div class=\"elementor-widget-container\">\n\t\t\t\t\t<span class=\"elementor-heading-title elementor-size-default\">L\u00ednea A3F\n<\/span>\t\t\t\t<\/div>\n\t\t\t\t<\/div>\n\t\t\t\t<div class=\"elementor-element elementor-element-731cafa4 elementor-widget elementor-widget-text-editor\" data-id=\"731cafa4\" data-element_type=\"widget\" data-widget_type=\"text-editor.default\">\n\t\t\t\t<div class=\"elementor-widget-container\">\n\t\t\t\t\t\t\t\t\tLos tractores de la <strong><a href=\"\/es\/productos\/tratores\/serie-a3f\/\">Serie A3<\/a><a href=\"https:\/\/www.valtra.com.br\/produtos\/tratores\/serie-a3f.html\">F<\/a><\/strong> Valtra tienen el menor radio de giro de la categor\u00eda, perfectos para trabajar en ambientes estrechos, como plantaciones de uvas, caf\u00e9 y c\u00edtricos. Con 25% m\u00e1s capacidad de levantamiento, est\u00e1n aptos para trabajar con implementos m\u00e1s pesados sin perder agilidad en las maniobras. Tienen el potencial de ahorrar hasta un 12% de combustible gracias al motor agr\u00edcola AGCO Power, que proporciona alto torque a bajas revoluciones. Innovaci\u00f3n, simplicidad, tecnolog\u00eda y confianza para su operaci\u00f3n familiar.\t\t\t\t\t\t\t\t<\/div>\n\t\t\t\t<\/div>\n\t\t\t\t<div class=\"elementor-element elementor-element-36f786ee elementor-align-left elementor-widget elementor-widget-button\" data-id=\"36f786ee\" data-element_type=\"widget\" data-widget_type=\"button.default\">\n\t\t\t\t<div class=\"elementor-widget-container\">\n\t\t\t\t\t\t\t\t\t<div class=\"elementor-button-wrapper\">\n\t\t\t\t\t<a class=\"elementor-button elementor-button-link elementor-size-sm\" href=\"\/es\/productos\/tratores\/serie-a3f\/\">\n\t\t\t\t\t\t<span class=\"elementor-button-content-wrapper\">\n\t\t\t\t\t\t\t\t\t<span class=\"elementor-button-text\">Saber m\u00e1s<\/span>\n\t\t\t\t\t<\/span>\n\t\t\t\t\t<\/a>\n\t\t\t\t<\/div>\n\t\t\t\t\t\t\t\t<\/div>\n\t\t\t\t<\/div>\n\t\t\t\t<\/div>\n\t\t<div class=\"elementor-element elementor-element-6cd685b3 e-con-full e-flex elementor-invisible e-con e-child\" data-id=\"6cd685b3\" data-element_type=\"container\" data-settings=\"{&quot;animation&quot;:&quot;fadeInRight&quot;}\">\n\t\t\t\t<div class=\"elementor-element elementor-element-203e714a elementor-widget elementor-widget-image\" data-id=\"203e714a\" data-element_type=\"widget\" data-widget_type=\"image.default\">\n\t\t\t\t<div class=\"elementor-widget-container\">\n\t\t\t\t\t\t\t\t\t\t\t\t\t\t\t<img decoding=\"async\" width=\"800\" height=\"534\" src=\"https:\/\/tandil.valtraar.math.group\/wp-content\/uploads\/sites\/24\/2025\/02\/familiar_04.jpg\" class=\"attachment-large size-large wp-image-266\" alt=\"\" srcset=\"https:\/\/tandil.valtraar.math.group\/wp-content\/uploads\/sites\/24\/2025\/02\/familiar_04.jpg 800w, https:\/\/tandil.valtraar.math.group\/wp-content\/uploads\/sites\/24\/2025\/02\/familiar_04-300x200.jpg 300w, https:\/\/tandil.valtraar.math.group\/wp-content\/uploads\/sites\/24\/2025\/02\/familiar_04-768x513.jpg 768w, https:\/\/tandil.valtraar.math.group\/wp-content\/uploads\/sites\/24\/2025\/02\/familiar_04-600x400.jpg 600w\" sizes=\"(max-width: 800px) 100vw, 800px\" \/>\t\t\t\t\t\t\t\t\t\t\t\t\t\t\t<\/div>\n\t\t\t\t<\/div>\n\t\t\t\t<\/div>\n\t\t\t\t<\/div>\n\t\t<div class=\"elementor-element elementor-element-079ea0a e-con-full content e-flex e-con e-parent\" data-id=\"079ea0a\" data-element_type=\"container\">\n\t\t<div class=\"elementor-element elementor-element-b346561 e-con-full e-flex elementor-invisible e-con e-child\" data-id=\"b346561\" data-element_type=\"container\" data-settings=\"{&quot;animation&quot;:&quot;fadeInLeft&quot;}\">\n\t\t\t\t<div class=\"elementor-element elementor-element-2155572 elementor-widget elementor-widget-image\" data-id=\"2155572\" data-element_type=\"widget\" data-widget_type=\"image.default\">\n\t\t\t\t<div class=\"elementor-widget-container\">\n\t\t\t\t\t\t\t\t\t\t\t\t\t\t\t<img loading=\"lazy\" decoding=\"async\" width=\"600\" height=\"533\" src=\"https:\/\/tandil.valtraar.math.group\/wp-content\/uploads\/sites\/24\/2025\/02\/familiar_07-600x533.jpg\" class=\"attachment-gb-block-post-grid-square size-gb-block-post-grid-square wp-image-267\" alt=\"\" \/>\t\t\t\t\t\t\t\t\t\t\t\t\t\t\t<\/div>\n\t\t\t\t<\/div>\n\t\t\t\t<\/div>\n\t\t<div class=\"elementor-element elementor-element-8d86ce3 e-con-full e-flex e-con e-child\" data-id=\"8d86ce3\" data-element_type=\"container\">\n\t\t\t\t<div class=\"elementor-element elementor-element-dc74fce main-subtitle elementor-widget elementor-widget-heading\" data-id=\"dc74fce\" data-element_type=\"widget\" data-widget_type=\"heading.default\">\n\t\t\t\t<div class=\"elementor-widget-container\">\n\t\t\t\t\t<span class=\"elementor-heading-title elementor-size-default\">Serie A4S\n<\/span>\t\t\t\t<\/div>\n\t\t\t\t<\/div>\n\t\t\t\t<div class=\"elementor-element elementor-element-4410342 elementor-widget elementor-widget-text-editor\" data-id=\"4410342\" data-element_type=\"widget\" data-widget_type=\"text-editor.default\">\n\t\t\t\t<div class=\"elementor-widget-container\">\n\t\t\t\t\t\t\t\t\tCon una eficiencia operativa que permite trabajar 5% m\u00e1s de hect\u00e1reas por hora, con la <strong><a href=\"\/es\/productos\/tratores\/serie-a4s\/\" target=\"_self\" rel=\"noopener noreferrer\">Serie A4S<\/a><\/strong> obtienes el m\u00e1ximo provecho de la ventana de cultivo. Otra ventaja de los tractores de esta serie es el ahorro del 15% en el consumo proporcionado por el motor AGCO Power combinado con el sistema de gesti\u00f3n electr\u00f3nica. Y no termina ah\u00ed: es un tractor que requiere poco mantenimiento y puede alcanzar hasta 12% m\u00e1s de vida \u00fatil que otras opciones en el mercado. Tambi\u00e9n existe la opci\u00f3n de incluir la tecnolog\u00eda del sistema de <strong><a href=\"\/es\/productos\/piloto-automatico\/valtra-guide-by-trimble-eletrico\/\">piloto autom\u00e1tico Valtra Guide<\/a><\/strong>, by Trimble, que genera ahorros del orden del 15% en la aplicaci\u00f3n de insumos a lanzamientos. Una operaci\u00f3n de Agricultura Familiar optimizada, con excelente versatilidad y rendimiento.\t\t\t\t\t\t\t\t<\/div>\n\t\t\t\t<\/div>\n\t\t\t\t<div class=\"elementor-element elementor-element-5592659 elementor-align-left elementor-widget elementor-widget-button\" data-id=\"5592659\" data-element_type=\"widget\" data-widget_type=\"button.default\">\n\t\t\t\t<div class=\"elementor-widget-container\">\n\t\t\t\t\t\t\t\t\t<div class=\"elementor-button-wrapper\">\n\t\t\t\t\t<a class=\"elementor-button elementor-button-link elementor-size-sm\" href=\"\/es\/productos\/tratores\/serie-a4s\/\">\n\t\t\t\t\t\t<span class=\"elementor-button-content-wrapper\">\n\t\t\t\t\t\t\t\t\t<span class=\"elementor-button-text\">Saber m\u00e1s<\/span>\n\t\t\t\t\t<\/span>\n\t\t\t\t\t<\/a>\n\t\t\t\t<\/div>\n\t\t\t\t\t\t\t\t<\/div>\n\t\t\t\t<\/div>\n\t\t\t\t<\/div>\n\t\t\t\t<\/div>\n\t\t<div class=\"elementor-element elementor-element-d4f5190 e-con-full content e-flex e-con e-parent\" data-id=\"d4f5190\" data-element_type=\"container\">\n\t\t<div class=\"elementor-element elementor-element-284a40f e-con-full e-flex e-con e-child\" data-id=\"284a40f\" data-element_type=\"container\">\n\t\t\t\t<div class=\"elementor-element elementor-element-0e13c7e main-subtitle elementor-widget elementor-widget-heading\" data-id=\"0e13c7e\" data-element_type=\"widget\" data-widget_type=\"heading.default\">\n\t\t\t\t<div class=\"elementor-widget-container\">\n\t\t\t\t\t<span class=\"elementor-heading-title elementor-size-default\">Fertilizer<\/span>\t\t\t\t<\/div>\n\t\t\t\t<\/div>\n\t\t\t\t<div class=\"elementor-element elementor-element-d45f5be elementor-widget elementor-widget-text-editor\" data-id=\"d45f5be\" data-element_type=\"widget\" data-widget_type=\"text-editor.default\">\n\t\t\t\t<div class=\"elementor-widget-container\">\n\t\t\t\t\t\t\t\t\tCuenta con la versatilidad de una m\u00e1quina 2 en 1: el <u><strong><a href=\"\/es\/productos\/implementos\/fertilizer-bdf-1300\/\">Fertilizer BDF 1300<\/a><\/strong><\/u> de Valtra realiza tanto la distribuci\u00f3n de fertilizantes como de semillas finas, <strong>proporcionando un excelente retorno a su inversi\u00f3n<\/strong>. Tiene una capacidad de 1.300 litros y un ancho de distribuci\u00f3n ajustable, con dosificaci\u00f3n de f\u00e1cil regulaci\u00f3n y simplicidad en la operaci\u00f3n. <strong>Una inversi\u00f3n segura y adaptable a cualquier tipo de producci\u00f3n<\/strong>.\t\t\t\t\t\t\t\t<\/div>\n\t\t\t\t<\/div>\n\t\t\t\t<div class=\"elementor-element elementor-element-64fb317 elementor-align-left elementor-widget elementor-widget-button\" data-id=\"64fb317\" data-element_type=\"widget\" data-widget_type=\"button.default\">\n\t\t\t\t<div class=\"elementor-widget-container\">\n\t\t\t\t\t\t\t\t\t<div class=\"elementor-button-wrapper\">\n\t\t\t\t\t<a class=\"elementor-button elementor-button-link elementor-size-sm\" href=\"\/es\/productos\/implementos\/fertilizer-bdf-1300\/\">\n\t\t\t\t\t\t<span class=\"elementor-button-content-wrapper\">\n\t\t\t\t\t\t\t\t\t<span class=\"elementor-button-text\">Saber m\u00e1s<\/span>\n\t\t\t\t\t<\/span>\n\t\t\t\t\t<\/a>\n\t\t\t\t<\/div>\n\t\t\t\t\t\t\t\t<\/div>\n\t\t\t\t<\/div>\n\t\t\t\t<\/div>\n\t\t<div class=\"elementor-element elementor-element-5d132fd e-con-full e-flex elementor-invisible e-con e-child\" data-id=\"5d132fd\" data-element_type=\"container\" data-settings=\"{&quot;animation&quot;:&quot;fadeInRight&quot;}\">\n\t\t\t\t<div class=\"elementor-element elementor-element-fd492b8 elementor-widget elementor-widget-image\" data-id=\"fd492b8\" data-element_type=\"widget\" data-widget_type=\"image.default\">\n\t\t\t\t<div class=\"elementor-widget-container\">\n\t\t\t\t\t\t\t\t\t\t\t\t\t\t\t<img loading=\"lazy\" decoding=\"async\" width=\"800\" height=\"533\" src=\"https:\/\/tandil.valtraar.math.group\/wp-content\/uploads\/sites\/24\/2025\/02\/familiar_06.jpg\" class=\"attachment-large size-large wp-image-268\" alt=\"\" srcset=\"https:\/\/tandil.valtraar.math.group\/wp-content\/uploads\/sites\/24\/2025\/02\/familiar_06.jpg 800w, https:\/\/tandil.valtraar.math.group\/wp-content\/uploads\/sites\/24\/2025\/02\/familiar_06-300x200.jpg 300w, https:\/\/tandil.valtraar.math.group\/wp-content\/uploads\/sites\/24\/2025\/02\/familiar_06-768x512.jpg 768w, https:\/\/tandil.valtraar.math.group\/wp-content\/uploads\/sites\/24\/2025\/02\/familiar_06-600x400.jpg 600w\" sizes=\"(max-width: 800px) 100vw, 800px\" \/>\t\t\t\t\t\t\t\t\t\t\t\t\t\t\t<\/div>\n\t\t\t\t<\/div>\n\t\t\t\t<\/div>\n\t\t\t\t<\/div>\n\t\t<div class=\"elementor-element elementor-element-c88acf2 e-con-full content e-flex e-con e-parent\" data-id=\"c88acf2\" data-element_type=\"container\">\n\t\t<div class=\"elementor-element elementor-element-596f4f4 e-con-full e-flex elementor-invisible e-con e-child\" data-id=\"596f4f4\" data-element_type=\"container\" data-settings=\"{&quot;animation&quot;:&quot;fadeInLeft&quot;}\">\n\t\t\t\t<div class=\"elementor-element elementor-element-bdad445 elementor-widget elementor-widget-image\" data-id=\"bdad445\" data-element_type=\"widget\" data-widget_type=\"image.default\">\n\t\t\t\t<div class=\"elementor-widget-container\">\n\t\t\t\t\t\t\t\t\t\t\t\t\t\t\t<img loading=\"lazy\" decoding=\"async\" width=\"600\" height=\"533\" src=\"https:\/\/tandil.valtraar.math.group\/wp-content\/uploads\/sites\/24\/2025\/02\/familiar_05-600x533.jpg\" class=\"attachment-gb-block-post-grid-square size-gb-block-post-grid-square wp-image-269\" alt=\"\" \/>\t\t\t\t\t\t\t\t\t\t\t\t\t\t\t<\/div>\n\t\t\t\t<\/div>\n\t\t\t\t<\/div>\n\t\t<div class=\"elementor-element elementor-element-98afcfc e-con-full e-flex e-con e-child\" data-id=\"98afcfc\" data-element_type=\"container\">\n\t\t\t\t<div class=\"elementor-element elementor-element-184a158 main-subtitle elementor-widget elementor-widget-heading\" data-id=\"184a158\" data-element_type=\"widget\" data-widget_type=\"heading.default\">\n\t\t\t\t<div class=\"elementor-widget-container\">\n\t\t\t\t\t<span class=\"elementor-heading-title elementor-size-default\">Sembradoras y plantadoras\n\n\n\n\n\n\n\n\n<\/span>\t\t\t\t<\/div>\n\t\t\t\t<\/div>\n\t\t\t\t<div class=\"elementor-element elementor-element-c203348 elementor-widget elementor-widget-text-editor\" data-id=\"c203348\" data-element_type=\"widget\" data-widget_type=\"text-editor.default\">\n\t\t\t\t<div class=\"elementor-widget-container\">\n\t\t\t\t\t\t\t\t\tYa sea para <strong>cultivo de invierno o de verano<\/strong>, Valtra cuenta con un portafolio completo de sembradoras y plantadoras para <strong>atender a los diferentes perfiles de productores<\/strong>. Desarrolladas con tecnolog\u00eda para ofrecer alta versatilidad y productividad, act\u00faan como verdaderas aliadas del negocio.\n\nPara el cultivo de arroz, la <strong><a href=\"\/es\/productos\/plantadeiras\/fine\/\">Sembradora Fine<\/a><\/strong> <strong>ampl\u00eda la capacidad de plantas establecidas en un 40%<\/strong> en comparaci\u00f3n con productos competidores y <strong>la productividad en un 10%<\/strong> gracias al dosificador Fertisystem, que distribuye los nutrientes con la precisi\u00f3n necesaria.\n\nLa <strong><a href=\"\/es\/productos\/plantadeiras\/multiple-l\/\">Sembradora Multiple L<\/a><\/strong> y la <strong><a href=\"\/es\/productos\/plantadeiras\/multiple-m\/\">Multiple M<\/a><\/strong> ofrecen el beneficio de la versatilidad, ya que ambas te permiten trabajar con cultivos de invierno y de verano, posibilitando la rotaci\u00f3n de cultivos, una pr\u00e1ctica que puede <strong>aumentar el margen operativo de la propiedad en un 48%<\/strong>.\n\nLas plantadoras <strong><a href=\"\/es\/productos\/plantadeiras\/compact\/\">Compact<\/a><\/strong> y <strong><a href=\"\/es\/productos\/plantadeiras\/hitech-compact\/\">HiTech Compact<\/a><\/strong> complementan la oferta de Valtra, ofreciendo los recursos necesarios para <strong>aumentar el rendimiento de peque\u00f1as propiedades<\/strong>. M\u00e1quinas vers\u00e1tiles para los cultivos de verano, con distintas opciones de configuraciones y acoplamiento al tractor. Obt\u00e9n toda la calidad de siembra que se encuentra en las grandes plantadoras de Valtra.\t\t\t\t\t\t\t\t<\/div>\n\t\t\t\t<\/div>\n\t\t\t\t<div class=\"elementor-element elementor-element-8a0a0ca elementor-align-left elementor-widget elementor-widget-button\" data-id=\"8a0a0ca\" data-element_type=\"widget\" data-widget_type=\"button.default\">\n\t\t\t\t<div class=\"elementor-widget-container\">\n\t\t\t\t\t\t\t\t\t<div class=\"elementor-button-wrapper\">\n\t\t\t\t\t<a class=\"elementor-button elementor-button-link elementor-size-sm\" href=\"\/es\/productos\/tratores\/serie-a4s\/\">\n\t\t\t\t\t\t<span class=\"elementor-button-content-wrapper\">\n\t\t\t\t\t\t\t\t\t<span class=\"elementor-button-text\">Saber m\u00e1s<\/span>\n\t\t\t\t\t<\/span>\n\t\t\t\t\t<\/a>\n\t\t\t\t<\/div>\n\t\t\t\t\t\t\t\t<\/div>\n\t\t\t\t<\/div>\n\t\t\t\t<\/div>\n\t\t\t\t<\/div>\n\t\t\t\t<\/div>","protected":false},"excerpt":{"rendered":"<p>Soluciones completas ValtraAlta performance para optimizar la operaci\u00f3n familiar SOLUCIONES POR CULTIVO: AGRICULTURA FAMILIAR El segmento de peque\u00f1os productores rurales es responsable de aproximadamente el 70% de los alimentos consumidos en los hogares brasile\u00f1os. Y Valtra no solo reconoce su importancia, sino que tambi\u00e9n tiene en cuenta todos los detalles para atender mejor las necesidades [&hellip;]<\/p>\n","protected":false},"author":1,"featured_media":0,"parent":0,"menu_order":0,"comment_status":"closed","ping_status":"closed","template":"","meta":{"_acf_changed":false,"footnotes":""},"class_list":["post-262","page","type-page","status-publish","hentry"],"acf":[],"featured_image_src":null,"featured_image_src_square":null,"_links":{"self":[{"href":"https:\/\/tandil.valtraar.math.group\/es\/wp-json\/wp\/v2\/pages\/262","targetHints":{"allow":["GET"]}}],"collection":[{"href":"https:\/\/tandil.valtraar.math.group\/es\/wp-json\/wp\/v2\/pages"}],"about":[{"href":"https:\/\/tandil.valtraar.math.group\/es\/wp-json\/wp\/v2\/types\/page"}],"author":[{"embeddable":true,"href":"https:\/\/tandil.valtraar.math.group\/es\/wp-json\/wp\/v2\/users\/1"}],"replies":[{"embeddable":true,"href":"https:\/\/tandil.valtraar.math.group\/es\/wp-json\/wp\/v2\/comments?post=262"}],"version-history":[{"count":0,"href":"https:\/\/tandil.valtraar.math.group\/es\/wp-json\/wp\/v2\/pages\/262\/revisions"}],"wp:attachment":[{"href":"https:\/\/tandil.valtraar.math.group\/es\/wp-json\/wp\/v2\/media?parent=262"}],"curies":[{"name":"wp","href":"https:\/\/api.w.org\/{rel}","templated":true}]}}